{"id":512,"date":"2025-05-13T21:18:20","date_gmt":"2025-05-13T21:18:20","guid":{"rendered":"https:\/\/www2.sbc.org.br\/ce-acpad\/?page_id=512"},"modified":"2025-10-23T17:25:21","modified_gmt":"2025-10-23T17:25:21","slug":"observatorio-coleta","status":"publish","type":"page","link":"https:\/\/www2.sbc.org.br\/ce-acpad\/observatorio-coleta\/","title":{"rendered":"Coleta de Dados"},"content":{"rendered":"\n<p>Esta p\u00e1gina integra a iniciativa de mapeamento nacional de grupos de pesquisa e infraestruturas com atua\u00e7\u00e3o em\u00a0Computa\u00e7\u00e3o de Alto Desempenho (HPC)\u00a0e\/ou\u00a0Intelig\u00eancia Artificial (IA)\u00a0no Brasil. O levantamento est\u00e1 sendo conduzido em nome do\u00a0Minist\u00e9rio da Ci\u00eancia, Tecnologia e Inova\u00e7\u00f5es (MCTI)\u00a0e da\u00a0Comiss\u00e3o Especial de Arquitetura de Computadores e Processamento de Alto Desempenho da Sociedade Brasileira de Computa\u00e7\u00e3o (CE-ACPAD).<\/p>\n\n\n\n<p>O objetivo \u00e9 reunir informa\u00e7\u00f5es sobre as principais infraestruturas computacionais (clusters) utilizadas em projetos de pesquisa cient\u00edfica e tecnol\u00f3gica no pa\u00eds. A iniciativa visa atualizar a base de dados sobre a capacidade instalada em HPC e IA, subsidiar decis\u00f5es estrat\u00e9gicas e fortalecer a colabora\u00e7\u00e3o entre institui\u00e7\u00f5es.<\/p>\n\n\n\n<hr class=\"wp-block-separator has-alpha-channel-opacity\"\/>\n\n\n\n<h3 class=\"wp-block-heading\"><strong>Infraestruturas de HPC<\/strong><\/h3>\n\n\n\n<p>Se a sua <strong>institui\u00e7\u00e3o<\/strong> \u00e9 respons\u00e1vel por um cluster com capacidade superior a <strong>50 TFLOPS<\/strong>,&nbsp;<strong>clique no bot\u00e3o abaixo e preencha o formul\u00e1rio<\/strong>&nbsp;com as informa\u00e7\u00f5es correspondentes. O formul\u00e1rio dever\u00e1 ser preenchido pelo respons\u00e1vel da institui\u00e7\u00e3o ou por algu\u00e9m por ele indicado.<\/p>\n\n\n\n<p><strong><span style=\"text-decoration: underline;\">ATEN\u00c7\u00c3O<\/span><\/strong>: Este formul\u00e1rio destina-se <strong>unicamente<\/strong> para fornecimento de informa\u00e7\u00f5es de clusters <strong>que n\u00e3o pertencem a um grupo de pesquisa espec\u00edfico<\/strong>. Caso o cluster perten\u00e7a a um grupo de pesquisa espec\u00edfico, utilize o furmul\u00e1rio de grupos de pesquisa.<\/p>\n\n\n\n<p>Tempo estimado de preenchimento: 5 a 10 minutos.<\/p>\n\n\n\n<p><\/p>\n\n\n\n<div class=\"wp-block-buttons is-layout-flex wp-block-buttons-is-layout-flex\">\n<div class=\"wp-block-button\"><a class=\"wp-block-button__link has-white-color has-primary-background-color has-text-color has-background has-link-color wp-element-button\" href=\"https:\/\/forms.gle\/N1Dkeu8jQQTsDGEY7\"><strong>Submeter Infraestrutura de HPC<\/strong><\/a><\/div>\n<\/div>\n\n\n\n<div style=\"height:59px\" aria-hidden=\"true\" class=\"wp-block-spacer\"><\/div>\n\n\n\n<h3 class=\"wp-block-heading\"><strong>Grupos de Pesquisa<\/strong><\/h3>\n\n\n\n<p>Se voc\u00ea representa um <strong>grupo<\/strong> <strong>(grupo de pesquisa, centro ou laborat\u00f3rio)<\/strong> com atua\u00e7\u00e3o nessas \u00e1reas,&nbsp;<strong>contribua preenchendo o formul\u00e1rio dispon\u00edvel no bot\u00e3o abaixo<\/strong>. Os dados ser\u00e3o organizados e exibidos nesta p\u00e1gina ap\u00f3s a fase de consolida\u00e7\u00e3o.<\/p>\n\n\n\n<p><strong><span style=\"text-decoration: underline;\">ATEN\u00c7\u00c3O<\/span><\/strong>: O formul\u00e1rio tamb\u00e9m solicitar\u00e1 informa\u00e7\u00f5es sobre infraestruturas de HPC que pertencem ao grupo. Caso o grupo seja respons\u00e1vel por algum cluster, solicita-se que seja feito o preenchimento das informa\u00e7\u00f5es de infraestrutura.<\/p>\n\n\n\n<p>Tempo estimado de preenchimento: 5 a 10 minutos.<\/p>\n\n\n\n<p><\/p>\n\n\n\n<div class=\"wp-block-buttons is-layout-flex wp-block-buttons-is-layout-flex\">\n<div class=\"wp-block-button\"><a class=\"wp-block-button__link has-white-color has-primary-background-color has-text-color has-background has-link-color wp-element-button\" href=\"https:\/\/forms.gle\/nnTwxKfQRDaB3Lg26\"><strong>Submeter Grupo de Pesquisa<\/strong><\/a><\/div>\n<\/div>\n\n\n\n<p><\/p>\n","protected":false},"excerpt":{"rendered":"<p>Esta p\u00e1gina integra a iniciativa de mapeamento nacional de grupos de pesquisa e infraestruturas com atua\u00e7\u00e3o em\u00a0Computa\u00e7\u00e3o de Alto Desempenho (HPC)\u00a0e\/ou\u00a0Intelig\u00eancia Artificial (IA)\u00a0no Brasil. O levantamento est\u00e1 sendo conduzido em nome do\u00a0Minist\u00e9rio da Ci\u00eancia, Tecnologia e Inova\u00e7\u00f5es (MCTI)\u00a0e da\u00a0Comiss\u00e3o Especial de Arquitetura de Computadores e Processamento de Alto Desempenho da Sociedade Brasileira de Computa\u00e7\u00e3o (CE-ACPAD). [&hellip;]<\/p>\n","protected":false},"author":2,"featured_media":0,"parent":0,"menu_order":0,"comment_status":"closed","ping_status":"closed","template":"","meta":{"footnotes":""},"class_list":["post-512","page","type-page","status-publish","hentry"],"_links":{"self":[{"href":"https:\/\/www2.sbc.org.br\/ce-acpad\/wp-json\/wp\/v2\/pages\/512","targetHints":{"allow":["GET"]}}],"collection":[{"href":"https:\/\/www2.sbc.org.br\/ce-acpad\/wp-json\/wp\/v2\/pages"}],"about":[{"href":"https:\/\/www2.sbc.org.br\/ce-acpad\/wp-json\/wp\/v2\/types\/page"}],"author":[{"embeddable":true,"href":"https:\/\/www2.sbc.org.br\/ce-acpad\/wp-json\/wp\/v2\/users\/2"}],"replies":[{"embeddable":true,"href":"https:\/\/www2.sbc.org.br\/ce-acpad\/wp-json\/wp\/v2\/comments?post=512"}],"version-history":[{"count":13,"href":"https:\/\/www2.sbc.org.br\/ce-acpad\/wp-json\/wp\/v2\/pages\/512\/revisions"}],"predecessor-version":[{"id":553,"href":"https:\/\/www2.sbc.org.br\/ce-acpad\/wp-json\/wp\/v2\/pages\/512\/revisions\/553"}],"wp:attachment":[{"href":"https:\/\/www2.sbc.org.br\/ce-acpad\/wp-json\/wp\/v2\/media?parent=512"}],"curies":[{"name":"wp","href":"https:\/\/api.w.org\/{rel}","templated":true}]}}