{"id":240,"date":"2023-05-26T15:23:05","date_gmt":"2023-05-26T15:23:05","guid":{"rendered":"http:\/\/www2.sbc.org.br\/ce-acpad\/?page_id=240"},"modified":"2025-11-03T14:09:01","modified_gmt":"2025-11-03T14:09:01","slug":"pesquisadores-de-destaque","status":"publish","type":"page","link":"https:\/\/www2.sbc.org.br\/ce-acpad\/pesquisadores-de-destaque\/","title":{"rendered":"Pesquisadores de Destaque"},"content":{"rendered":"\n<p>A CE-ACPAD \u00e9 uma das mais tradicionais Comiss\u00f5es Especiais da SBC, com eventos altamente relevantes como o SBAC-PAD e o SSCAD, al\u00e9m das nossas escolas regionais (ERADs). Essa hist\u00f3ria est\u00e1 relacionada ao trabalho constante de v\u00e1rios membros da nossa comunidade, os quais merecem ser reconhecidos.<\/p>\n\n\n\n<p>Desde 2021, e a cada dois anos, a CE-ACPAD homenageia pesquisadores de destaque nas \u00e1reas de Computa\u00e7\u00e3o de Alto Desempenho (HPC) e Arquitetura de Computadores (CA) durante o SBAC-PAD. A escolha dos homenageados se baseia nos seguintes aspectos:<\/p>\n\n\n\n<ul class=\"wp-block-list\">\n<li>Contribui\u00e7\u00f5es cient\u00edficas na \u00e1rea de HPC e\/ou CA (publica\u00e7\u00f5es).<\/li>\n\n\n\n<li>Forma\u00e7\u00e3o de recursos humanos na \u00e1rea de HPC e\/ou CA (disciplinas em geral, material did\u00e1tico, egressos de IC, mestrado e doutorado).<\/li>\n\n\n\n<li>Participa\u00e7\u00e3o em comit\u00eas de programa, corpo editorial e comit\u00eas diretivos na \u00e1rea de HPC e\/ou CA (participa\u00e7\u00e3o na comunidade cient\u00edfica).<\/li>\n\n\n\n<li>Contribui\u00e7\u00e3o para o estabelecimento\/crescimento da \u00e1rea de HPC e\/ou CA no Brasil.<\/li>\n<\/ul>\n\n\n\n<p>Os poss\u00edveis homenageados s\u00e3o primeiramente indicados pela nossa comunidade. Ent\u00e3o, uma comiss\u00e3o formada por professores experientes \u00e9 indicada pela CE-ACPAD para, em comum acordo, analisar as indica\u00e7\u00f5es e nomear o(s) pesquisador(es) homenagiado(s) naquele ano.<\/p>\n\n\n\n<hr class=\"wp-block-separator has-alpha-channel-opacity\"\/>\n\n\n\n<h3 class=\"wp-block-heading has-text-align-center\">Pesquisadores Homenageados<\/h3>\n\n\n\n<h3 class=\"wp-block-heading has-text-align-center\"><strong>2025<\/strong><\/h3>\n\n\n\n<div class=\"wp-block-columns is-layout-flex wp-container-core-columns-is-layout-9d6595d7 wp-block-columns-is-layout-flex\">\n<div class=\"wp-block-column is-layout-flow wp-block-column-is-layout-flow\">\n<figure class=\"wp-block-image aligncenter size-full is-resized\"><img loading=\"lazy\" decoding=\"async\" width=\"512\" height=\"512\" src=\"https:\/\/www2.sbc.org.br\/ce-acpad\/wp-content\/uploads\/2025\/11\/Guido-Araujo.jpg\" alt=\"\" class=\"wp-image-560\" style=\"aspect-ratio:1;width:174px;height:auto\" srcset=\"https:\/\/www2.sbc.org.br\/ce-acpad\/wp-content\/uploads\/2025\/11\/Guido-Araujo.jpg 512w, https:\/\/www2.sbc.org.br\/ce-acpad\/wp-content\/uploads\/2025\/11\/Guido-Araujo-300x300.jpg 300w, https:\/\/www2.sbc.org.br\/ce-acpad\/wp-content\/uploads\/2025\/11\/Guido-Araujo-150x150.jpg 150w\" sizes=\"auto, (max-width: 512px) 100vw, 512px\" \/><\/figure>\n\n\n\n<h5 class=\"wp-block-heading has-text-align-center\">Guido Araujo (UNICAMP)<\/h5>\n<\/div>\n\n\n\n<div class=\"wp-block-column is-layout-flow wp-block-column-is-layout-flow\">\n<figure class=\"wp-block-image aligncenter size-full is-resized\"><img loading=\"lazy\" decoding=\"async\" width=\"800\" height=\"800\" src=\"https:\/\/www2.sbc.org.br\/ce-acpad\/wp-content\/uploads\/2025\/11\/Carlos-Martins.jpeg\" alt=\"\" class=\"wp-image-561\" style=\"aspect-ratio:1;width:174px;height:auto\" srcset=\"https:\/\/www2.sbc.org.br\/ce-acpad\/wp-content\/uploads\/2025\/11\/Carlos-Martins.jpeg 800w, https:\/\/www2.sbc.org.br\/ce-acpad\/wp-content\/uploads\/2025\/11\/Carlos-Martins-300x300.jpeg 300w, https:\/\/www2.sbc.org.br\/ce-acpad\/wp-content\/uploads\/2025\/11\/Carlos-Martins-150x150.jpeg 150w, https:\/\/www2.sbc.org.br\/ce-acpad\/wp-content\/uploads\/2025\/11\/Carlos-Martins-768x768.jpeg 768w\" sizes=\"auto, (max-width: 800px) 100vw, 800px\" \/><\/figure>\n\n\n\n<h5 class=\"wp-block-heading has-text-align-center\">Carlos Augusto Martins (PUC Minas) &#8211; <em>In Memoriam<\/em><\/h5>\n<\/div>\n<\/div>\n\n\n\n<hr class=\"wp-block-separator has-alpha-channel-opacity\"\/>\n\n\n\n<h3 class=\"wp-block-heading has-text-align-center\">2023<\/h3>\n\n\n\n<div class=\"wp-block-columns is-layout-flex wp-container-core-columns-is-layout-9d6595d7 wp-block-columns-is-layout-flex\">\n<div class=\"wp-block-column is-layout-flow wp-block-column-is-layout-flow\">\n<figure class=\"wp-block-image aligncenter size-large is-resized\"><img loading=\"lazy\" decoding=\"async\" width=\"768\" height=\"1024\" src=\"http:\/\/www2.sbc.org.br\/ce-acpad\/wp-content\/uploads\/2023\/10\/liria-sato-1-768x1024.jpeg\" alt=\"\" class=\"wp-image-383\" style=\"aspect-ratio:0.75;width:139px;height:auto\" srcset=\"https:\/\/www2.sbc.org.br\/ce-acpad\/wp-content\/uploads\/2023\/10\/liria-sato-1-768x1024.jpeg 768w, https:\/\/www2.sbc.org.br\/ce-acpad\/wp-content\/uploads\/2023\/10\/liria-sato-1-225x300.jpeg 225w, https:\/\/www2.sbc.org.br\/ce-acpad\/wp-content\/uploads\/2023\/10\/liria-sato-1-1152x1536.jpeg 1152w, https:\/\/www2.sbc.org.br\/ce-acpad\/wp-content\/uploads\/2023\/10\/liria-sato-1.jpeg 1200w\" sizes=\"auto, (max-width: 768px) 100vw, 768px\" \/><\/figure>\n\n\n\n<h5 class=\"wp-block-heading has-text-align-center\">Liria Matsumoto Sato (USP)<\/h5>\n<\/div>\n\n\n\n<div class=\"wp-block-column is-layout-flow wp-block-column-is-layout-flow\">\n<figure class=\"wp-block-image aligncenter size-full is-resized\"><img loading=\"lazy\" decoding=\"async\" width=\"512\" height=\"512\" src=\"http:\/\/www2.sbc.org.br\/ce-acpad\/wp-content\/uploads\/2023\/10\/Jairo-Panetta.jpg\" alt=\"\" class=\"wp-image-366\" style=\"aspect-ratio:1;width:184px;height:auto\" srcset=\"https:\/\/www2.sbc.org.br\/ce-acpad\/wp-content\/uploads\/2023\/10\/Jairo-Panetta.jpg 512w, https:\/\/www2.sbc.org.br\/ce-acpad\/wp-content\/uploads\/2023\/10\/Jairo-Panetta-300x300.jpg 300w, https:\/\/www2.sbc.org.br\/ce-acpad\/wp-content\/uploads\/2023\/10\/Jairo-Panetta-150x150.jpg 150w\" sizes=\"auto, (max-width: 512px) 100vw, 512px\" \/><\/figure>\n\n\n\n<h5 class=\"wp-block-heading has-text-align-center\">Jairo Panetta (ITA)<\/h5>\n<\/div>\n\n\n\n<div class=\"wp-block-column is-layout-flow wp-block-column-is-layout-flow\">\n<figure class=\"wp-block-image aligncenter size-full is-resized\"><img loading=\"lazy\" decoding=\"async\" width=\"222\" height=\"278\" src=\"http:\/\/www2.sbc.org.br\/ce-acpad\/wp-content\/uploads\/2023\/10\/edil-fernandes.jpg\" alt=\"\" class=\"wp-image-376\" style=\"aspect-ratio:0.7985611510791367;width:147px;height:auto\"\/><\/figure>\n\n\n\n<h5 class=\"wp-block-heading has-text-align-center\">Edil Fernandes (UFRJ) &#8211; <em>In Memoriam<\/em><\/h5>\n<\/div>\n<\/div>\n\n\n\n<hr class=\"wp-block-separator has-alpha-channel-opacity\"\/>\n\n\n\n<h3 class=\"wp-block-heading has-text-align-center\">2021<\/h3>\n\n\n\n<div class=\"wp-block-columns is-layout-flex wp-container-core-columns-is-layout-9d6595d7 wp-block-columns-is-layout-flex\">\n<div class=\"wp-block-column is-layout-flow wp-block-column-is-layout-flow\">\n<figure class=\"wp-block-image aligncenter size-large is-resized\"><img loading=\"lazy\" decoding=\"async\" width=\"716\" height=\"716\" src=\"http:\/\/www2.sbc.org.br\/ce-acpad\/wp-content\/uploads\/2023\/05\/servletrecuperafoto-edited.jpeg\" alt=\"\" class=\"wp-image-242\" style=\"aspect-ratio:1;width:174px;height:auto\" srcset=\"https:\/\/www2.sbc.org.br\/ce-acpad\/wp-content\/uploads\/2023\/05\/servletrecuperafoto-edited.jpeg 716w, https:\/\/www2.sbc.org.br\/ce-acpad\/wp-content\/uploads\/2023\/05\/servletrecuperafoto-edited-300x300.jpeg 300w, https:\/\/www2.sbc.org.br\/ce-acpad\/wp-content\/uploads\/2023\/05\/servletrecuperafoto-edited-150x150.jpeg 150w\" sizes=\"auto, (max-width: 716px) 100vw, 716px\" \/><\/figure>\n\n\n\n<h5 class=\"wp-block-heading has-text-align-center\">Philippe Olivier Alexandre Navaux (UFRGS)<\/h5>\n<\/div>\n\n\n\n<div class=\"wp-block-column is-layout-flow wp-block-column-is-layout-flow\">\n<figure class=\"wp-block-image aligncenter size-full is-resized\"><img loading=\"lazy\" decoding=\"async\" width=\"660\" height=\"660\" src=\"http:\/\/www2.sbc.org.br\/ce-acpad\/wp-content\/uploads\/2023\/05\/Screenshot-2023-05-26-at-12.17.08-edited.png\" alt=\"\" class=\"wp-image-244\" style=\"aspect-ratio:1;width:174px;height:auto\" srcset=\"https:\/\/www2.sbc.org.br\/ce-acpad\/wp-content\/uploads\/2023\/05\/Screenshot-2023-05-26-at-12.17.08-edited.png 660w, https:\/\/www2.sbc.org.br\/ce-acpad\/wp-content\/uploads\/2023\/05\/Screenshot-2023-05-26-at-12.17.08-edited-300x300.png 300w, https:\/\/www2.sbc.org.br\/ce-acpad\/wp-content\/uploads\/2023\/05\/Screenshot-2023-05-26-at-12.17.08-edited-150x150.png 150w\" sizes=\"auto, (max-width: 660px) 100vw, 660px\" \/><\/figure>\n\n\n\n<h5 class=\"wp-block-heading has-text-align-center\">Siang Wun Song (USP)<\/h5>\n<\/div>\n<\/div>\n","protected":false},"excerpt":{"rendered":"<p>A CE-ACPAD \u00e9 uma das mais tradicionais Comiss\u00f5es Especiais da SBC, com eventos altamente relevantes como o SBAC-PAD e o SSCAD, al\u00e9m das nossas escolas regionais (ERADs). Essa hist\u00f3ria est\u00e1 relacionada ao trabalho constante de v\u00e1rios membros da nossa comunidade, os quais merecem ser reconhecidos. Desde 2021, e a cada dois anos, a CE-ACPAD homenageia [&hellip;]<\/p>\n","protected":false},"author":2,"featured_media":0,"parent":0,"menu_order":0,"comment_status":"closed","ping_status":"closed","template":"","meta":{"footnotes":""},"class_list":["post-240","page","type-page","status-publish","hentry"],"_links":{"self":[{"href":"https:\/\/www2.sbc.org.br\/ce-acpad\/wp-json\/wp\/v2\/pages\/240","targetHints":{"allow":["GET"]}}],"collection":[{"href":"https:\/\/www2.sbc.org.br\/ce-acpad\/wp-json\/wp\/v2\/pages"}],"about":[{"href":"https:\/\/www2.sbc.org.br\/ce-acpad\/wp-json\/wp\/v2\/types\/page"}],"author":[{"embeddable":true,"href":"https:\/\/www2.sbc.org.br\/ce-acpad\/wp-json\/wp\/v2\/users\/2"}],"replies":[{"embeddable":true,"href":"https:\/\/www2.sbc.org.br\/ce-acpad\/wp-json\/wp\/v2\/comments?post=240"}],"version-history":[{"count":31,"href":"https:\/\/www2.sbc.org.br\/ce-acpad\/wp-json\/wp\/v2\/pages\/240\/revisions"}],"predecessor-version":[{"id":562,"href":"https:\/\/www2.sbc.org.br\/ce-acpad\/wp-json\/wp\/v2\/pages\/240\/revisions\/562"}],"wp:attachment":[{"href":"https:\/\/www2.sbc.org.br\/ce-acpad\/wp-json\/wp\/v2\/media?parent=240"}],"curies":[{"name":"wp","href":"https:\/\/api.w.org\/{rel}","templated":true}]}}