{"id":24,"date":"2023-05-08T20:29:58","date_gmt":"2023-05-08T20:29:58","guid":{"rendered":"http:\/\/www2.sbc.org.br\/ce-acpad\/?page_id=24"},"modified":"2023-06-15T11:31:13","modified_gmt":"2023-06-15T11:31:13","slug":"contato","status":"publish","type":"page","link":"https:\/\/www2.sbc.org.br\/ce-acpad\/contato\/","title":{"rendered":"Contato"},"content":{"rendered":"\n<h4 class=\"wp-block-heading\" id=\"lista-discussao\">Lista de Discuss\u00e3o<\/h4>\n\n\n\n<p>A CE-ACPAD possui uma lista de discuss\u00e3o oficial (<a href=\"mailto:sbac-l@sbc.org.br\">sbac-l@sbc.org.br<\/a>) na qual s\u00e3o publicadas not\u00edcias de interesse dos pesquisadores e dos estudantes das \u00e1reas cobertas por esta comiss\u00e3o como, por exemplo, chamadas de artigos para confer\u00eancias e peri\u00f3dicos, an\u00fancios de cursos e de oportunidades profissionais, entre outros. <\/p>\n\n\n\n<p>A lista tamb\u00e9m serve de meio para discuss\u00e3o de assuntos de interesse da comunidade de arquitetura de computadores e processamento de alto desempenho. Embora a lista de discuss\u00e3o da CE-ACPAD seja aberta a s\u00f3cios e a n\u00e3o-s\u00f3cios da Sociedade Brasileira da Computa\u00e7\u00e3o (SBC), apenas os assinantes s\u00f3cios da SBC s\u00e3o considerados membros da CE-ACPAD. <\/p>\n\n\n\n<p>Clique <a href=\"http:\/\/grupos.ufrgs.br\/mailman\/listinfo\/Sbac-l\">aqui<\/a> para solicitar a sua inscri\u00e7\u00e3o na lista de discuss\u00e3o oficial da CE-ACPAD.<\/p>\n\n\n\n<div style=\"height:16px\" aria-hidden=\"true\" class=\"wp-block-spacer\"><\/div>\n\n\n\n<h4 class=\"wp-block-heading\">Coordena\u00e7\u00e3o Geral<\/h4>\n\n\n\n<p>Para entrar em contato com a coordena\u00e7\u00e3o geral da CE-ACPAD, envie um email para\u00a0<a href=\"mailto:ce.acpad.sbc@gmail.com\">ce.acpad.sbc@gmail.com<\/a>.<\/p>\n","protected":false},"excerpt":{"rendered":"<p>Lista de Discuss\u00e3o A CE-ACPAD possui uma lista de discuss\u00e3o oficial (sbac-l@sbc.org.br) na qual s\u00e3o publicadas not\u00edcias de interesse dos pesquisadores e dos estudantes das \u00e1reas cobertas por esta comiss\u00e3o como, por exemplo, chamadas de artigos para confer\u00eancias e peri\u00f3dicos, an\u00fancios de cursos e de oportunidades profissionais, entre outros. A lista tamb\u00e9m serve de meio [&hellip;]<\/p>\n","protected":false},"author":2,"featured_media":0,"parent":0,"menu_order":0,"comment_status":"closed","ping_status":"closed","template":"","meta":{"footnotes":""},"class_list":["post-24","page","type-page","status-publish","hentry"],"_links":{"self":[{"href":"https:\/\/www2.sbc.org.br\/ce-acpad\/wp-json\/wp\/v2\/pages\/24","targetHints":{"allow":["GET"]}}],"collection":[{"href":"https:\/\/www2.sbc.org.br\/ce-acpad\/wp-json\/wp\/v2\/pages"}],"about":[{"href":"https:\/\/www2.sbc.org.br\/ce-acpad\/wp-json\/wp\/v2\/types\/page"}],"author":[{"embeddable":true,"href":"https:\/\/www2.sbc.org.br\/ce-acpad\/wp-json\/wp\/v2\/users\/2"}],"replies":[{"embeddable":true,"href":"https:\/\/www2.sbc.org.br\/ce-acpad\/wp-json\/wp\/v2\/comments?post=24"}],"version-history":[{"count":9,"href":"https:\/\/www2.sbc.org.br\/ce-acpad\/wp-json\/wp\/v2\/pages\/24\/revisions"}],"predecessor-version":[{"id":307,"href":"https:\/\/www2.sbc.org.br\/ce-acpad\/wp-json\/wp\/v2\/pages\/24\/revisions\/307"}],"wp:attachment":[{"href":"https:\/\/www2.sbc.org.br\/ce-acpad\/wp-json\/wp\/v2\/media?parent=24"}],"curies":[{"name":"wp","href":"https:\/\/api.w.org\/{rel}","templated":true}]}}