{"id":181,"date":"2023-05-12T21:42:19","date_gmt":"2023-05-12T21:42:19","guid":{"rendered":"http:\/\/www2.sbc.org.br\/ce-acpad\/?page_id=181"},"modified":"2024-10-04T18:57:08","modified_gmt":"2024-10-04T18:57:08","slug":"identidade-visual","status":"publish","type":"page","link":"https:\/\/www2.sbc.org.br\/ce-acpad\/identidade-visual\/","title":{"rendered":"Identidade Visual"},"content":{"rendered":"\n<h3 class=\"wp-block-heading\">Identidade Visual da CE-ACPAD<\/h3>\n\n\n\n<p>O conceito da identidade visual da CE-ACPAD surge a partir dos seguintes elementos:<\/p>\n\n\n\n<ul class=\"wp-block-list\">\n<li><strong>Veloc\u00edmetro: <\/strong>aumento de velocidade, alto desempenho\/ganho de desempenho.<\/li>\n\n\n\n<li>Representa\u00e7\u00e3o gr\u00e1fica de <strong>circuitos integrados<\/strong>.<\/li>\n\n\n\n<li>Representa\u00e7\u00e3o gr\u00e1fica das <strong>c\u00e9lulas da m\u00e1quina de Turing<\/strong>.<\/li>\n<\/ul>\n\n\n\n<p>O logotipo <strong>principal<\/strong> da CE-ACPAD \u00e9 apresentado abaixo:<\/p>\n\n\n\n<figure class=\"wp-block-image aligncenter size-large is-resized\"><img loading=\"lazy\" decoding=\"async\" width=\"1024\" height=\"230\" src=\"http:\/\/www2.sbc.org.br\/ce-acpad\/wp-content\/uploads\/2023\/05\/borda-1024x230.png\" alt=\"\" class=\"wp-image-11\" style=\"width:600px;height:134px\" srcset=\"https:\/\/www2.sbc.org.br\/ce-acpad\/wp-content\/uploads\/2023\/05\/borda-1024x230.png 1024w, https:\/\/www2.sbc.org.br\/ce-acpad\/wp-content\/uploads\/2023\/05\/borda-300x67.png 300w, https:\/\/www2.sbc.org.br\/ce-acpad\/wp-content\/uploads\/2023\/05\/borda-768x172.png 768w, https:\/\/www2.sbc.org.br\/ce-acpad\/wp-content\/uploads\/2023\/05\/borda-1536x344.png 1536w, https:\/\/www2.sbc.org.br\/ce-acpad\/wp-content\/uploads\/2023\/05\/borda.png 1539w\" sizes=\"auto, (max-width: 1024px) 100vw, 1024px\" \/><\/figure>\n\n\n\n<p>A CE-ACPAD tamb\u00e9m possui um logotipo <strong>secund\u00e1rio<\/strong>, o qual inclui o nome completo da CE:<\/p>\n\n\n\n<figure class=\"wp-block-image aligncenter size-large is-resized\"><img loading=\"lazy\" decoding=\"async\" width=\"1024\" height=\"276\" src=\"http:\/\/www2.sbc.org.br\/ce-acpad\/wp-content\/uploads\/2023\/05\/CEACPAD-LOGOTIPO-SECUNDARIO-01-1024x276.png\" alt=\"\" class=\"wp-image-200\" style=\"width:560px;height:150px\" srcset=\"https:\/\/www2.sbc.org.br\/ce-acpad\/wp-content\/uploads\/2023\/05\/CEACPAD-LOGOTIPO-SECUNDARIO-01-1024x276.png 1024w, https:\/\/www2.sbc.org.br\/ce-acpad\/wp-content\/uploads\/2023\/05\/CEACPAD-LOGOTIPO-SECUNDARIO-01-300x81.png 300w, https:\/\/www2.sbc.org.br\/ce-acpad\/wp-content\/uploads\/2023\/05\/CEACPAD-LOGOTIPO-SECUNDARIO-01-768x207.png 768w, https:\/\/www2.sbc.org.br\/ce-acpad\/wp-content\/uploads\/2023\/05\/CEACPAD-LOGOTIPO-SECUNDARIO-01.png 1378w\" sizes=\"auto, (max-width: 1024px) 100vw, 1024px\" \/><\/figure>\n\n\n\n<p>O <strong>manual de identidade visual<\/strong> assim como os <strong>logotipos em alta resolu\u00e7\u00e3o<\/strong> da CE-ACPAD podem ser obtidos <a href=\"http:\/\/www2.sbc.org.br\/ce-acpad\/wp-content\/uploads\/2023\/05\/LOGOS-CEACPAD.zip\"><strong>neste link<\/strong><\/a>.<\/p>\n\n\n\n<h3 class=\"wp-block-heading\">Identidade Visual do SSCAD<\/h3>\n\n\n\n<p>O logotipo <strong>principal<\/strong> do SSCAD \u00e9 apresentado abaixo, sendo &#8220;XX&#8221; os dois \u00faltimos d\u00edgitos do ano de realiza\u00e7\u00e3o do evento:<\/p>\n\n\n\n<figure class=\"wp-block-image size-full is-resized\"><img loading=\"lazy\" decoding=\"async\" width=\"345\" height=\"170\" src=\"http:\/\/www2.sbc.org.br\/ce-acpad\/wp-content\/uploads\/2024\/10\/sscad-logo.png\" alt=\"\" class=\"wp-image-477\" style=\"width:325px;height:auto\" srcset=\"https:\/\/www2.sbc.org.br\/ce-acpad\/wp-content\/uploads\/2024\/10\/sscad-logo.png 345w, https:\/\/www2.sbc.org.br\/ce-acpad\/wp-content\/uploads\/2024\/10\/sscad-logo-300x148.png 300w\" sizes=\"auto, (max-width: 345px) 100vw, 345px\" \/><\/figure>\n\n\n\n<p>Diferentes varia\u00e7\u00f5es e formatos deste <strong>logotipo em alta resolu\u00e7\u00e3o<\/strong> podem ser obtidos <a href=\"http:\/\/www2.sbc.org.br\/ce-acpad\/wp-content\/uploads\/2024\/10\/logotipo-SSCAD.zip\"><strong>neste link<\/strong><\/a>.<\/p>\n","protected":false},"excerpt":{"rendered":"<p>Identidade Visual da CE-ACPAD O conceito da identidade visual da CE-ACPAD surge a partir dos seguintes elementos: O logotipo principal da CE-ACPAD \u00e9 apresentado abaixo: A CE-ACPAD tamb\u00e9m possui um logotipo secund\u00e1rio, o qual inclui o nome completo da CE: O manual de identidade visual assim como os logotipos em alta resolu\u00e7\u00e3o da CE-ACPAD podem [&hellip;]<\/p>\n","protected":false},"author":2,"featured_media":0,"parent":0,"menu_order":0,"comment_status":"closed","ping_status":"closed","template":"","meta":{"footnotes":""},"class_list":["post-181","page","type-page","status-publish","hentry"],"_links":{"self":[{"href":"https:\/\/www2.sbc.org.br\/ce-acpad\/wp-json\/wp\/v2\/pages\/181","targetHints":{"allow":["GET"]}}],"collection":[{"href":"https:\/\/www2.sbc.org.br\/ce-acpad\/wp-json\/wp\/v2\/pages"}],"about":[{"href":"https:\/\/www2.sbc.org.br\/ce-acpad\/wp-json\/wp\/v2\/types\/page"}],"author":[{"embeddable":true,"href":"https:\/\/www2.sbc.org.br\/ce-acpad\/wp-json\/wp\/v2\/users\/2"}],"replies":[{"embeddable":true,"href":"https:\/\/www2.sbc.org.br\/ce-acpad\/wp-json\/wp\/v2\/comments?post=181"}],"version-history":[{"count":23,"href":"https:\/\/www2.sbc.org.br\/ce-acpad\/wp-json\/wp\/v2\/pages\/181\/revisions"}],"predecessor-version":[{"id":479,"href":"https:\/\/www2.sbc.org.br\/ce-acpad\/wp-json\/wp\/v2\/pages\/181\/revisions\/479"}],"wp:attachment":[{"href":"https:\/\/www2.sbc.org.br\/ce-acpad\/wp-json\/wp\/v2\/media?parent=181"}],"curies":[{"name":"wp","href":"https:\/\/api.w.org\/{rel}","templated":true}]}}