{"id":164,"date":"2023-05-09T00:35:08","date_gmt":"2023-05-09T00:35:08","guid":{"rendered":"http:\/\/www2.sbc.org.br\/ce-acpad\/?page_id=164"},"modified":"2025-04-22T16:56:56","modified_gmt":"2025-04-22T16:56:56","slug":"escolas-regionais-de-alto-desempenho-erads","status":"publish","type":"page","link":"https:\/\/www2.sbc.org.br\/ce-acpad\/escolas-regionais-de-alto-desempenho-erads\/","title":{"rendered":"ERADs"},"content":{"rendered":"\n<p>As <strong>Escolas Regionais de Alto Desempenho (ERADs)<\/strong> s\u00e3o eventos regionais que t\u00eam por objetivo qualificar profissionais das regi\u00f5es do Brasil nas \u00e1reas que comp\u00f5em o Processamento de Alto Desempenho e prover um f\u00f3rum regular onde possam ser apresentados avan\u00e7os recentes nessas \u00e1reas e discutidas as formas de ensino de Processamento de Alto Desempenho nas universidades do Brasil.<\/p>\n\n\n\n<p>O p\u00fablico alvo das ERADs s\u00e3o alunos de gradua\u00e7\u00e3o, de p\u00f3s-gradua\u00e7\u00e3o, os professores e os profissionais da \u00e1rea de Ci\u00eancia da Computa\u00e7\u00e3o e \u00e1reas t\u00e9cnicas afins. Em suas programa\u00e7\u00f5es, as ERADs tamb\u00e9m prev\u00eam a realiza\u00e7\u00e3o anual de cursos de introdu\u00e7\u00e3o \u00e0s tecnologias empregadas em processamento paralelo, distribu\u00eddo e de alto desempenho, constituindo deste modo uma oportunidade para quem deseja dar seus primeiros passos na \u00e1rea. Para o p\u00fablico com maior experi\u00eancia, de forma sobreposta na programa\u00e7\u00e3o, s\u00e3o oferecidas atividades de cunho t\u00e9cnico mais avan\u00e7ado.<\/p>\n\n\n\n<p>As ERADs s\u00e3o fomentadas e organizadas pelas <strong>Comiss\u00f5es Regionais de Alto Desempenho (CRADs)<\/strong> de suas respectivas regi\u00f5es. Acesse a p\u00e1gina da CRAD mais pr\u00f3xima da sua regi\u00e3o para obter mais informa\u00e7\u00f5es:<\/p>\n\n\n\n<ul class=\"wp-block-list\">\n<li><a href=\"http:\/\/www2.sbc.org.br\/cradco\/index.html\">CRAD\/CO (Regi\u00e3o Centro-Oeste)<\/a><\/li>\n\n\n\n<li><a href=\"http:\/\/www2.sbc.org.br\/cradne\/index.html\">CRAD\/NE (Regi\u00e3o Nordeste)<\/a><\/li>\n\n\n\n<li><a href=\"https:\/\/www2.sbc.org.br\/erad_eramia-no2\">CRAD\/NO2 (Regi\u00e3o Norte 2)<\/a><\/li>\n\n\n\n<li><a href=\"https:\/\/cradrj.sbc.org.br\">CRAD\/RJ (Rio de Janeiro)<\/a><\/li>\n\n\n\n<li><a href=\"http:\/\/www2.sbc.org.br\/cradrs\/\" data-type=\"URL\">CRAD\/RS (Regi\u00e3o Sul)<\/a><\/li>\n\n\n\n<li><a href=\"http:\/\/www2.sbc.org.br\/cradsp\/index.html\">CRAD\/SP (S\u00e3o Paulo)<\/a><\/li>\n<\/ul>\n\n\n\n<p><\/p>\n","protected":false},"excerpt":{"rendered":"<p>As Escolas Regionais de Alto Desempenho (ERADs) s\u00e3o eventos regionais que t\u00eam por objetivo qualificar profissionais das regi\u00f5es do Brasil nas \u00e1reas que comp\u00f5em o Processamento de Alto Desempenho e prover um f\u00f3rum regular onde possam ser apresentados avan\u00e7os recentes nessas \u00e1reas e discutidas as formas de ensino de Processamento de Alto Desempenho nas universidades [&hellip;]<\/p>\n","protected":false},"author":2,"featured_media":0,"parent":0,"menu_order":0,"comment_status":"closed","ping_status":"closed","template":"","meta":{"footnotes":""},"class_list":["post-164","page","type-page","status-publish","hentry"],"_links":{"self":[{"href":"https:\/\/www2.sbc.org.br\/ce-acpad\/wp-json\/wp\/v2\/pages\/164","targetHints":{"allow":["GET"]}}],"collection":[{"href":"https:\/\/www2.sbc.org.br\/ce-acpad\/wp-json\/wp\/v2\/pages"}],"about":[{"href":"https:\/\/www2.sbc.org.br\/ce-acpad\/wp-json\/wp\/v2\/types\/page"}],"author":[{"embeddable":true,"href":"https:\/\/www2.sbc.org.br\/ce-acpad\/wp-json\/wp\/v2\/users\/2"}],"replies":[{"embeddable":true,"href":"https:\/\/www2.sbc.org.br\/ce-acpad\/wp-json\/wp\/v2\/comments?post=164"}],"version-history":[{"count":6,"href":"https:\/\/www2.sbc.org.br\/ce-acpad\/wp-json\/wp\/v2\/pages\/164\/revisions"}],"predecessor-version":[{"id":504,"href":"https:\/\/www2.sbc.org.br\/ce-acpad\/wp-json\/wp\/v2\/pages\/164\/revisions\/504"}],"wp:attachment":[{"href":"https:\/\/www2.sbc.org.br\/ce-acpad\/wp-json\/wp\/v2\/media?parent=164"}],"curies":[{"name":"wp","href":"https:\/\/api.w.org\/{rel}","templated":true}]}}