{"id":111,"date":"2023-05-08T23:08:27","date_gmt":"2023-05-08T23:08:27","guid":{"rendered":"http:\/\/www2.sbc.org.br\/ce-acpad\/?page_id=111"},"modified":"2026-03-31T19:56:57","modified_gmt":"2026-03-31T19:56:57","slug":"comite-gestor","status":"publish","type":"page","link":"https:\/\/www2.sbc.org.br\/ce-acpad\/comite-gestor\/","title":{"rendered":"Coordena\u00e7\u00e3o Geral"},"content":{"rendered":"\n<div class=\"wp-block-columns is-layout-flex wp-container-core-columns-is-layout-9d6595d7 wp-block-columns-is-layout-flex\">\n<div class=\"wp-block-column is-layout-flow wp-block-column-is-layout-flow\" style=\"flex-basis:80%\">\n<div style=\"height:6px\" aria-hidden=\"true\" class=\"wp-block-spacer\"><\/div>\n\n\n\n<p>A <strong>coordena\u00e7\u00e3o geral<\/strong> da CE-ACPAD \u00e9 exercida atualmente pelo <strong><a href=\"https:\/\/www.inf.pucrs.br\/~derose\/\" data-type=\"link\" data-id=\"http:\/\/marciocastro.com\">Prof. Dr. C\u00e9sar Augusto Fonticielha De Rose<\/a><\/strong> da Pontif\u00edcia Universidade Cat\u00f3lica do Rio Grande do Sul (PUCRS).<\/p>\n\n\n\n<p>Para entrar em contato com a coordena\u00e7\u00e3o geral da CE-ACPAD, envie um email para <a href=\"mailto:ce.acpad.sbc@gmail.com\">ce.acpad.sbc@gmail.com<\/a>.<\/p>\n<\/div>\n\n\n\n<div class=\"wp-block-column is-vertically-aligned-top is-layout-flow wp-block-column-is-layout-flow\" style=\"flex-basis:20%\">\n<img decoding=\"async\" src=\"https:\/\/servicosweb.cnpq.br\/wspessoa\/servletrecuperafoto?tipo=1&amp;id=K4723497Z5\" alt=\"\" class=\"wp-image-360\" style=\"width:150px;height:auto\"\/>\n<\/div>\n<\/div>\n\n\n\n<h3 class=\"wp-block-heading\">Comit\u00ea Gestor<\/h3>\n\n\n\n<p>O <strong>Comit\u00ea Gestor<\/strong> da CE-ACPAD \u00e9 respons\u00e1vel por apoiar a coordena\u00e7\u00e3o nas decis\u00f5es estrat\u00e9gicas e na gest\u00e3o da CE-ACPAD. Atualmente, os membros do Comit\u00ea Gestor da CE-ACPAD s\u00e3o:<\/p>\n\n\n\n<ul class=\"wp-block-list\">\n<li>Alfredo Goldman (USP)<\/li>\n\n\n\n<li>Edson C\u00e1ceres (UFMS)<\/li>\n\n\n\n<li>George Luiz Medeiros Teodoro (UFMG)<\/li>\n\n\n\n<li>L\u00facia Maria de Assump\u00e7\u00e3o Drummond (UFF)<\/li>\n\n\n\n<li>M\u00e1rcio Bastos Castro (UFSC)<\/li>\n\n\n\n<li>Philippe Olivier Alexandre Navaux (UFRGS)<\/li>\n\n\n\n<li>Vinod Rebello (UFF)<\/li>\n<\/ul>\n\n\n\n<h3 class=\"wp-block-heading\">Comit\u00ea de Dire\u00e7\u00e3o<\/h3>\n\n\n\n<p>O <strong>Comit\u00ea de Dire\u00e7\u00e3o<\/strong> (<em><strong>Steering Committee<\/strong><\/em>) da CE-ACPAD \u00e9 composto por oito membros permanentes e 3 membros m\u00f3veis, que mudam a cada dois anos juntamente com o mandato do corodenador geral. As regras para composi\u00e7\u00e3o dos membros permanentes e m\u00f3veis est\u00e3o descritas no <a href=\"http:\/\/www2.sbc.org.br\/ce-acpad\/wp-content\/uploads\/2023\/05\/regimento-ceacpad-2008-4.pdf\" data-type=\"attachment\" data-id=\"78\">regimento da CE-ACPAD<\/a>. A figura de <em>chair<\/em> \u00e9 eleita pelos membros permanentes para um mandato de dois anos e funciona como ponto de contato do comit\u00ea.<\/p>\n\n\n\n<h4 class=\"wp-block-heading\" id=\"membros-permanentes-em-ordem-alfab\u00e9tica\">Membros permanentes (em ordem alfab\u00e9tica)<\/h4>\n\n\n\n<ul class=\"wp-block-list\">\n<li>Alfredo Goldman (USP)<\/li>\n\n\n\n<li>C\u00e9sar A. F. De Rose (PUCRS)<\/li>\n\n\n\n<li>Edson C\u00e1ceres (UFMS)<\/li>\n\n\n\n<li>Jairo Panetta (INPE)<\/li>\n\n\n\n<li>Jean-Luc Gaudiot (University of California, Irvine)<\/li>\n\n\n\n<li>L\u00facia Drummond (UFF) &#8211; <em><strong>Chair<\/strong> mandato 2026-2027<\/em><\/li>\n\n\n\n<li>Philippe O. A. Navaux (UFRGS)<\/li>\n\n\n\n<li>Viktor Prasanna (University of Southern California)<\/li>\n<\/ul>\n\n\n\n<h4 class=\"wp-block-heading\" id=\"membros-m\u00f3veis-em-ordem-alfab\u00e9tica\">Membros m\u00f3veis (em ordem alfab\u00e9tica) &#8211; somente membros da SBC<\/h4>\n\n\n\n<ul class=\"wp-block-list\">\n<li>Coordenador(a) vigente da CE-ACPAD &#8211; C\u00e9sar A. F. De Rose (PUCRS)<\/li>\n\n\n\n<li>\u00daltimo(a) coordenador(a) brasileiro(a) do comit\u00ea do programa do SBAC-PAD (referente ao mandato vigente do coordenador da CE) &#8211; Carla Osthoff Ferreira de Barros (LNCC) <\/li>\n\n\n\n<li>Pen\u00faltimo(a) coordenador(a) brasileiro(a) do comit\u00ea do programa do SBAC-PAD (referente ao mandato vigente do coordenador da CE) &#8211; C\u00e9sar A. F. De Rose (PUCRS)<\/li>\n<\/ul>\n\n\n\n<h4 class=\"wp-block-heading\" id=\"membros-m\u00f3veis-em-ordem-alfab\u00e9tica\">Membros honor\u00e1rios (em ordem alfab\u00e9tica)<\/h4>\n\n\n\n<ul class=\"wp-block-list\">\n<li>Cl\u00e1udio Luis de Amorin (COPPE-UFRJ)<\/li>\n\n\n\n<li>Liria Matsumoto Sato (USP)<\/li>\n\n\n\n<li>Siang Wun Song (USP)<\/li>\n<\/ul>\n\n\n\n<h3 class=\"wp-block-heading\">Hist\u00f3rico de Coordenadores<\/h3>\n\n\n\n<p>As elei\u00e7\u00f5es para a coordena\u00e7\u00e3o da CE-ACPAD ocorrem bianualmente durante o SBAC-PAD. A transi\u00e7\u00e3o entre as coordena\u00e7\u00f5es ocorre no m\u00eas em que \u00e9 realizado o evento (historicamente em outubro):<\/p>\n\n\n\n<ul class=\"wp-block-list\">\n<li>M\u00e1rcio Castro (UFSC) <em>&#8211; mandato 2023-2025<\/em><\/li>\n\n\n\n<li>L\u00facia Drummond (UFF) <em>&#8211; mandato 2020-2023<\/em><\/li>\n\n\n\n<li>Alfredo Goldmann (USP) <em>&#8211; mandato 2016-2020<\/em><\/li>\n\n\n\n<li>Edson C\u00e1ceres (UFMS) <em>&#8211; mandato 2014-2016<\/em><\/li>\n\n\n\n<li>Philippe Navaux (UFRGS) <em>&#8211; mandato 2010-2014<\/em><\/li>\n\n\n\n<li>Alberto Ferreira De Souza (UFES) <em>&#8211; mandato 2007-2010<\/em><\/li>\n\n\n\n<li>Liria Matsumoto Sato (USP)<em>&#8211; mandato 2005-2007<\/em><\/li>\n<\/ul>\n","protected":false},"excerpt":{"rendered":"<p>A coordena\u00e7\u00e3o geral da CE-ACPAD \u00e9 exercida atualmente pelo Prof. Dr. C\u00e9sar Augusto Fonticielha De Rose da Pontif\u00edcia Universidade Cat\u00f3lica do Rio Grande do Sul (PUCRS). Para entrar em contato com a coordena\u00e7\u00e3o geral da CE-ACPAD, envie um email para ce.acpad.sbc@gmail.com. Comit\u00ea Gestor O Comit\u00ea Gestor da CE-ACPAD \u00e9 respons\u00e1vel por apoiar a coordena\u00e7\u00e3o nas [&hellip;]<\/p>\n","protected":false},"author":2,"featured_media":0,"parent":0,"menu_order":0,"comment_status":"closed","ping_status":"closed","template":"","meta":{"footnotes":""},"class_list":["post-111","page","type-page","status-publish","hentry"],"_links":{"self":[{"href":"https:\/\/www2.sbc.org.br\/ce-acpad\/wp-json\/wp\/v2\/pages\/111","targetHints":{"allow":["GET"]}}],"collection":[{"href":"https:\/\/www2.sbc.org.br\/ce-acpad\/wp-json\/wp\/v2\/pages"}],"about":[{"href":"https:\/\/www2.sbc.org.br\/ce-acpad\/wp-json\/wp\/v2\/types\/page"}],"author":[{"embeddable":true,"href":"https:\/\/www2.sbc.org.br\/ce-acpad\/wp-json\/wp\/v2\/users\/2"}],"replies":[{"embeddable":true,"href":"https:\/\/www2.sbc.org.br\/ce-acpad\/wp-json\/wp\/v2\/comments?post=111"}],"version-history":[{"count":51,"href":"https:\/\/www2.sbc.org.br\/ce-acpad\/wp-json\/wp\/v2\/pages\/111\/revisions"}],"predecessor-version":[{"id":614,"href":"https:\/\/www2.sbc.org.br\/ce-acpad\/wp-json\/wp\/v2\/pages\/111\/revisions\/614"}],"wp:attachment":[{"href":"https:\/\/www2.sbc.org.br\/ce-acpad\/wp-json\/wp\/v2\/media?parent=111"}],"curies":[{"name":"wp","href":"https:\/\/api.w.org\/{rel}","templated":true}]}}