{"id":102,"date":"2023-05-08T22:55:51","date_gmt":"2023-05-08T22:55:51","guid":{"rendered":"http:\/\/www2.sbc.org.br\/ce-acpad\/?page_id=102"},"modified":"2024-09-25T19:58:25","modified_gmt":"2024-09-25T19:58:25","slug":"comissoes-regionais-crads","status":"publish","type":"page","link":"https:\/\/www2.sbc.org.br\/ce-acpad\/comissoes-regionais-crads\/","title":{"rendered":"Comiss\u00f5es Regionais (CRADs)"},"content":{"rendered":"\n<p>Atualmente, existem cinco comiss\u00f5es regionais na \u00e1rea de Arquitetura de Computadores e Processamento de Alto Desempenho (CRADs) apoiadas pela CE-ACPAD. Acesse os links abaixo para ter mais informa\u00e7\u00f5es sobre cada comiss\u00e3o:<\/p>\n\n\n\n<ul class=\"wp-block-list\">\n<li><a href=\"http:\/\/www2.sbc.org.br\/cradco\/index.html\">Comiss\u00e3o Regional de Alto Desempenho da Regi\u00e3o Centro-Oeste (CRAD\/CO)<\/a><\/li>\n\n\n\n<li><a href=\"http:\/\/www2.sbc.org.br\/cradne\/index.html\">Comiss\u00e3o Regional de Alto Desempenho da Regi\u00e3o Nordeste (CRAD\/NE)<\/a><\/li>\n\n\n\n<li><a href=\"https:\/\/cradrj.sbc.org.br\">Comiss\u00e3o Regional de Alto Desempenho do Rio de Janeiro (CRAD\/RJ)<\/a><\/li>\n\n\n\n<li><a href=\"http:\/\/www2.sbc.org.br\/cradrs\/\">Comiss\u00e3o Regional de Alto Desempenho da Regi\u00e3o Sul (CRAD\/RS)<\/a><\/li>\n\n\n\n<li><a href=\"http:\/\/www2.sbc.org.br\/cradsp\/index.html\">Comiss\u00e3o Regional de Alto Desempenho de S\u00e3o Paulo (CRAD\/SP)<\/a><\/li>\n<\/ul>\n\n\n\n<p><\/p>\n","protected":false},"excerpt":{"rendered":"<p>Atualmente, existem cinco comiss\u00f5es regionais na \u00e1rea de Arquitetura de Computadores e Processamento de Alto Desempenho (CRADs) apoiadas pela CE-ACPAD. Acesse os links abaixo para ter mais informa\u00e7\u00f5es sobre cada comiss\u00e3o:<\/p>\n","protected":false},"author":2,"featured_media":0,"parent":0,"menu_order":0,"comment_status":"closed","ping_status":"closed","template":"","meta":{"footnotes":""},"class_list":["post-102","page","type-page","status-publish","hentry"],"_links":{"self":[{"href":"https:\/\/www2.sbc.org.br\/ce-acpad\/wp-json\/wp\/v2\/pages\/102","targetHints":{"allow":["GET"]}}],"collection":[{"href":"https:\/\/www2.sbc.org.br\/ce-acpad\/wp-json\/wp\/v2\/pages"}],"about":[{"href":"https:\/\/www2.sbc.org.br\/ce-acpad\/wp-json\/wp\/v2\/types\/page"}],"author":[{"embeddable":true,"href":"https:\/\/www2.sbc.org.br\/ce-acpad\/wp-json\/wp\/v2\/users\/2"}],"replies":[{"embeddable":true,"href":"https:\/\/www2.sbc.org.br\/ce-acpad\/wp-json\/wp\/v2\/comments?post=102"}],"version-history":[{"count":6,"href":"https:\/\/www2.sbc.org.br\/ce-acpad\/wp-json\/wp\/v2\/pages\/102\/revisions"}],"predecessor-version":[{"id":455,"href":"https:\/\/www2.sbc.org.br\/ce-acpad\/wp-json\/wp\/v2\/pages\/102\/revisions\/455"}],"wp:attachment":[{"href":"https:\/\/www2.sbc.org.br\/ce-acpad\/wp-json\/wp\/v2\/media?parent=102"}],"curies":[{"name":"wp","href":"https:\/\/api.w.org\/{rel}","templated":true}]}}